{"id":1604,"date":"2024-10-31T11:21:09","date_gmt":"2024-10-31T10:21:09","guid":{"rendered":"https:\/\/www.coiffure-energetique-sandra.fr\/?page_id=1604"},"modified":"2024-10-31T11:32:30","modified_gmt":"2024-10-31T10:32:30","slug":"mentions-legales","status":"publish","type":"page","link":"https:\/\/www.coiffure-energetique-sandra.fr\/index.php\/mentions-legales\/","title":{"rendered":"Mentions L\u00e9gales"},"content":{"rendered":"<p>[et_pb_section fb_built=\u00a0\u00bb1&Prime; fullwidth=\u00a0\u00bbon\u00a0\u00bb _builder_version=\u00a0\u00bb3.0.106&Prime; background_color=\u00a0\u00bb#c1c1c1&Prime;][et_pb_fullwidth_header title=\u00a0\u00bbMentions L\u00e9gales\u00a0\u00bb _builder_version=\u00a0\u00bb3.0.106&Prime;][\/et_pb_fullwidth_header][\/et_pb_section][et_pb_section fb_built=\u00a0\u00bb1&Prime; _builder_version=\u00a0\u00bb3.0.47&Prime; custom_padding=\u00a0\u00bb0|0px|0|0px\u00a0\u00bb][et_pb_row _builder_version=\u00a0\u00bb3.0.47&Prime; background_size=\u00a0\u00bbinitial\u00a0\u00bb background_position=\u00a0\u00bbtop_left\u00a0\u00bb background_repeat=\u00a0\u00bbrepeat\u00a0\u00bb custom_padding=\u00a0\u00bb27px|0px|0|0px\u00a0\u00bb][et_pb_column type=\u00a0\u00bb4_4&Prime; _builder_version=\u00a0\u00bb3.0.47&Prime; parallax=\u00a0\u00bboff\u00a0\u00bb parallax_method=\u00a0\u00bbon\u00a0\u00bb][et_pb_text _builder_version=\u00a0\u00bb3.0.106&Prime;]<\/p>\n<blockquote>\n<div dir=\"ltr\">\n<div dir=\"ltr\">\n<h2>Mentions l\u00e9gales<\/h2>\n<h3><strong>\u00c9diteur du site<\/strong><\/h3>\n<p><strong>Une Parenth\u00e8se \u00e0 Soi<\/strong><br \/> Sandra Maurin<br \/> SIRET : 417 913 944 00035<br \/> Si\u00e8ge social : 2 Chemin St Pons, 06650 Le Rouret, France<br \/> T\u00e9l\u00e9phone : +33 7 62 45 94 02<br \/> E-mail :\u00a0<a rel=\"noopener\">sandra.coiffernergie@gmail.com<\/a><\/p>\n<p>&nbsp;<\/p>\n<h3><strong>H\u00e9bergement du site<\/strong><\/h3>\n<p>Le site est h\u00e9berg\u00e9 par :\u00a0<br \/> OVH<br \/> Adresse : <span>Si\u00e8ge social : 2 rue Kellermann 59 100 Roubaix &#8211; France<\/span><br \/> T\u00e9l\u00e9phone : 10 07<br \/> Site web : <span>ovh.com<\/span><br \/><span>SAS au capital de 10 000 000 \u20ac RCS Roubaix \u2013 Tourcoing 424 761 419 00045 Code APE 6202A \u2013 N\u00b0 TVA : FR 22 424 761 419<\/span><\/p>\n<p><span><\/span><\/p>\n<p><span><\/span><\/p>\n<h3><strong><\/strong><\/h3>\n<p><strong><\/strong><\/p>\n<h3><strong>Responsable de la publication<\/strong><\/h3>\n<p>Sandra Maurin<br \/> Contact :\u00a0<a rel=\"noopener\">sandra.coiffernergie@gmail.com<\/a><\/p>\n<h3><strong><\/strong><\/h3>\n<h3><strong>Propri\u00e9t\u00e9 intellectuelle<\/strong><\/h3>\n<p>Le contenu du site internet, incluant, de fa\u00e7on non limitative, les textes, images, graphismes, logos, ic\u00f4nes, sons, logiciels, sont la propri\u00e9t\u00e9 exclusive de\u00a0<strong>Une Parenth\u00e8se \u00e0 Soi<\/strong>, sauf mention contraire. Toute reproduction, distribution, modification, adaptation, retransmission ou publication, m\u00eame partielle, de ces diff\u00e9rents \u00e9l\u00e9ments est strictement interdite sans l\u2019accord \u00e9crit de\u00a0<strong>Une Parenth\u00e8se \u00e0 Soi<\/strong>.<\/p>\n<h3><strong><\/strong><\/h3>\n<h3><strong>Donn\u00e9es personnelles<\/strong><\/h3>\n<p>Les informations recueillies sur le site (formulaire de contact, inscription \u00e0 la newsletter, etc.) sont destin\u00e9es uniquement \u00e0 l&rsquo;usage de\u00a0<strong>Une Parenth\u00e8se \u00e0 Soi<\/strong>\u00a0et ne seront en aucun cas partag\u00e9es avec des tiers, sauf en cas d\u2019obligation l\u00e9gale.<br \/> Conform\u00e9ment \u00e0 la loi \u00ab Informatique et Libert\u00e9s \u00bb du 6 janvier 1978 modifi\u00e9e et au R\u00e8glement G\u00e9n\u00e9ral sur la Protection des Donn\u00e9es (RGPD), vous disposez d&rsquo;un droit d&rsquo;acc\u00e8s, de rectification, d\u2019opposition et de suppression des donn\u00e9es personnelles vous concernant. Pour exercer ce droit, vous pouvez nous contacter \u00e0 l&rsquo;adresse :\u00a0<a rel=\"noopener\">sandra.coiffernergie@gmail.com<\/a><wbr \/>.<\/p>\n<h3><strong><\/strong><\/h3>\n<h3><strong>Cookies<\/strong><\/h3>\n<p>Le site utilise des cookies pour am\u00e9liorer l\u2019exp\u00e9rience utilisateur et mesurer l\u2019audience du site. Vous avez la possibilit\u00e9 de d\u00e9sactiver les cookies en modifiant les param\u00e8tres de votre navigateur.<\/p>\n<h3><strong><\/strong><\/h3>\n<h3><strong>Litiges<\/strong><\/h3>\n<p>Les pr\u00e9sentes mentions l\u00e9gales sont r\u00e9gies par le droit fran\u00e7ais. En cas de litige et \u00e0 d\u00e9faut d&rsquo;accord amiable, les tribunaux fran\u00e7ais seront seuls comp\u00e9tents.<\/p>\n<\/div>\n<\/div>\n<\/blockquote>\n<p>[\/et_pb_text][\/et_pb_column][\/et_pb_row][\/et_pb_section]<\/p>\n","protected":false},"excerpt":{"rendered":"<p>[et_pb_section fb_built=\u00a0\u00bb1&Prime; fullwidth=\u00a0\u00bbon\u00a0\u00bb _builder_version=\u00a0\u00bb3.0.106&Prime; background_color=\u00a0\u00bb#c1c1c1&Prime;][et_pb_fullwidth_header title=\u00a0\u00bbMentions L\u00e9gales\u00a0\u00bb _builder_version=\u00a0\u00bb3.0.106&Prime;][\/et_pb_fullwidth_header][\/et_pb_section][et_pb_section fb_built=\u00a0\u00bb1&Prime; _builder_version=\u00a0\u00bb3.0.47&Prime; custom_padding=\u00a0\u00bb0|0px|0|0px\u00a0\u00bb][et_pb_row _builder_version=\u00a0\u00bb3.0.47&Prime; background_size=\u00a0\u00bbinitial\u00a0\u00bb background_position=\u00a0\u00bbtop_left\u00a0\u00bb background_repeat=\u00a0\u00bbrepeat\u00a0\u00bb custom_padding=\u00a0\u00bb27px|0px|0|0px\u00a0\u00bb][et_pb_column type=\u00a0\u00bb4_4&Prime; _builder_version=\u00a0\u00bb3.0.47&Prime; parallax=\u00a0\u00bboff\u00a0\u00bb parallax_method=\u00a0\u00bbon\u00a0\u00bb][et_pb_text _builder_version=\u00a0\u00bb3.0.106&Prime;] Mentions l\u00e9gales \u00c9diteur du site Une Parenth\u00e8se \u00e0 Soi Sandra Maurin SIRET : 417 913 944 00035 Si\u00e8ge social : 2 Chemin St Pons, 06650 Le Rouret, France T\u00e9l\u00e9phone : +33 7 62 45 [&hellip;]<\/p>\n","protected":false},"author":1,"featured_media":0,"parent":0,"menu_order":0,"comment_status":"closed","ping_status":"closed","template":"","meta":{"footnotes":""},"class_list":["post-1604","page","type-page","status-publish","hentry"],"yoast_head":"<!-- This site is optimized with the Yoast SEO plugin v27.2 - https:\/\/yoast.com\/product\/yoast-seo-wordpress\/ -->\n<title>Mentions L\u00e9gales - Une Parenth\u00e8se \u00e0 Soi<\/title>\n<meta name=\"robots\" content=\"index, follow, max-snippet:-1, max-image-preview:large, max-video-preview:-1\" \/>\n<link rel=\"canonical\" href=\"https:\/\/www.coiffure-energetique-sandra.fr\/index.php\/mentions-legales\/\" \/>\n<meta property=\"og:locale\" content=\"fr_FR\" \/>\n<meta property=\"og:type\" content=\"article\" \/>\n<meta property=\"og:title\" content=\"Mentions L\u00e9gales - Une Parenth\u00e8se \u00e0 Soi\" \/>\n<meta property=\"og:description\" content=\"[et_pb_section fb_built=\u00a0\u00bb1&Prime; fullwidth=\u00a0\u00bbon\u00a0\u00bb _builder_version=\u00a0\u00bb3.0.106&Prime; background_color=\u00a0\u00bb#c1c1c1&Prime;][et_pb_fullwidth_header title=\u00a0\u00bbMentions L\u00e9gales\u00a0\u00bb _builder_version=\u00a0\u00bb3.0.106&Prime;][\/et_pb_fullwidth_header][\/et_pb_section][et_pb_section fb_built=\u00a0\u00bb1&Prime; _builder_version=\u00a0\u00bb3.0.47&Prime; custom_padding=\u00a0\u00bb0|0px|0|0px\u00a0\u00bb][et_pb_row _builder_version=\u00a0\u00bb3.0.47&Prime; background_size=\u00a0\u00bbinitial\u00a0\u00bb background_position=\u00a0\u00bbtop_left\u00a0\u00bb background_repeat=\u00a0\u00bbrepeat\u00a0\u00bb custom_padding=\u00a0\u00bb27px|0px|0|0px\u00a0\u00bb][et_pb_column type=\u00a0\u00bb4_4&Prime; _builder_version=\u00a0\u00bb3.0.47&Prime; parallax=\u00a0\u00bboff\u00a0\u00bb parallax_method=\u00a0\u00bbon\u00a0\u00bb][et_pb_text _builder_version=\u00a0\u00bb3.0.106&Prime;] Mentions l\u00e9gales \u00c9diteur du site Une Parenth\u00e8se \u00e0 Soi Sandra Maurin SIRET : 417 913 944 00035 Si\u00e8ge social : 2 Chemin St Pons, 06650 Le Rouret, France T\u00e9l\u00e9phone : +33 7 62 45 [&hellip;]\" \/>\n<meta property=\"og:url\" content=\"https:\/\/www.coiffure-energetique-sandra.fr\/index.php\/mentions-legales\/\" \/>\n<meta property=\"og:site_name\" content=\"Une Parenth\u00e8se \u00e0 Soi\" \/>\n<meta property=\"article:modified_time\" content=\"2024-10-31T10:32:30+00:00\" \/>\n<meta name=\"twitter:card\" content=\"summary_large_image\" \/>\n<meta name=\"twitter:label1\" content=\"Dur\u00e9e de lecture estim\u00e9e\" \/>\n\t<meta name=\"twitter:data1\" content=\"1 minute\" \/>\n<script type=\"application\/ld+json\" class=\"yoast-schema-graph\">{\"@context\":\"https:\/\/schema.org\",\"@graph\":[{\"@type\":\"WebPage\",\"@id\":\"https:\/\/www.coiffure-energetique-sandra.fr\/index.php\/mentions-legales\/\",\"url\":\"https:\/\/www.coiffure-energetique-sandra.fr\/index.php\/mentions-legales\/\",\"name\":\"Mentions L\u00e9gales - Une Parenth\u00e8se \u00e0 Soi\",\"isPartOf\":{\"@id\":\"https:\/\/www.coiffure-energetique-sandra.fr\/#website\"},\"datePublished\":\"2024-10-31T10:21:09+00:00\",\"dateModified\":\"2024-10-31T10:32:30+00:00\",\"breadcrumb\":{\"@id\":\"https:\/\/www.coiffure-energetique-sandra.fr\/index.php\/mentions-legales\/#breadcrumb\"},\"inLanguage\":\"fr-FR\",\"potentialAction\":[{\"@type\":\"ReadAction\",\"target\":[\"https:\/\/www.coiffure-energetique-sandra.fr\/index.php\/mentions-legales\/\"]}]},{\"@type\":\"BreadcrumbList\",\"@id\":\"https:\/\/www.coiffure-energetique-sandra.fr\/index.php\/mentions-legales\/#breadcrumb\",\"itemListElement\":[{\"@type\":\"ListItem\",\"position\":1,\"name\":\"Accueil\",\"item\":\"https:\/\/www.coiffure-energetique-sandra.fr\/\"},{\"@type\":\"ListItem\",\"position\":2,\"name\":\"Mentions L\u00e9gales\"}]},{\"@type\":\"WebSite\",\"@id\":\"https:\/\/www.coiffure-energetique-sandra.fr\/#website\",\"url\":\"https:\/\/www.coiffure-energetique-sandra.fr\/\",\"name\":\"Une Parenth\u00e8se \u00e0 Soi\",\"description\":\"Coiffure \u00e9nerg\u00e9tique\",\"potentialAction\":[{\"@type\":\"SearchAction\",\"target\":{\"@type\":\"EntryPoint\",\"urlTemplate\":\"https:\/\/www.coiffure-energetique-sandra.fr\/?s={search_term_string}\"},\"query-input\":{\"@type\":\"PropertyValueSpecification\",\"valueRequired\":true,\"valueName\":\"search_term_string\"}}],\"inLanguage\":\"fr-FR\"}]}<\/script>\n<!-- \/ Yoast SEO plugin. -->","yoast_head_json":{"title":"Mentions L\u00e9gales - Une Parenth\u00e8se \u00e0 Soi","robots":{"index":"index","follow":"follow","max-snippet":"max-snippet:-1","max-image-preview":"max-image-preview:large","max-video-preview":"max-video-preview:-1"},"canonical":"https:\/\/www.coiffure-energetique-sandra.fr\/index.php\/mentions-legales\/","og_locale":"fr_FR","og_type":"article","og_title":"Mentions L\u00e9gales - Une Parenth\u00e8se \u00e0 Soi","og_description":"[et_pb_section fb_built=\u00a0\u00bb1&Prime; fullwidth=\u00a0\u00bbon\u00a0\u00bb _builder_version=\u00a0\u00bb3.0.106&Prime; background_color=\u00a0\u00bb#c1c1c1&Prime;][et_pb_fullwidth_header title=\u00a0\u00bbMentions L\u00e9gales\u00a0\u00bb _builder_version=\u00a0\u00bb3.0.106&Prime;][\/et_pb_fullwidth_header][\/et_pb_section][et_pb_section fb_built=\u00a0\u00bb1&Prime; _builder_version=\u00a0\u00bb3.0.47&Prime; custom_padding=\u00a0\u00bb0|0px|0|0px\u00a0\u00bb][et_pb_row _builder_version=\u00a0\u00bb3.0.47&Prime; background_size=\u00a0\u00bbinitial\u00a0\u00bb background_position=\u00a0\u00bbtop_left\u00a0\u00bb background_repeat=\u00a0\u00bbrepeat\u00a0\u00bb custom_padding=\u00a0\u00bb27px|0px|0|0px\u00a0\u00bb][et_pb_column type=\u00a0\u00bb4_4&Prime; _builder_version=\u00a0\u00bb3.0.47&Prime; parallax=\u00a0\u00bboff\u00a0\u00bb parallax_method=\u00a0\u00bbon\u00a0\u00bb][et_pb_text _builder_version=\u00a0\u00bb3.0.106&Prime;] Mentions l\u00e9gales \u00c9diteur du site Une Parenth\u00e8se \u00e0 Soi Sandra Maurin SIRET : 417 913 944 00035 Si\u00e8ge social : 2 Chemin St Pons, 06650 Le Rouret, France T\u00e9l\u00e9phone : +33 7 62 45 [&hellip;]","og_url":"https:\/\/www.coiffure-energetique-sandra.fr\/index.php\/mentions-legales\/","og_site_name":"Une Parenth\u00e8se \u00e0 Soi","article_modified_time":"2024-10-31T10:32:30+00:00","twitter_card":"summary_large_image","twitter_misc":{"Dur\u00e9e de lecture estim\u00e9e":"1 minute"},"schema":{"@context":"https:\/\/schema.org","@graph":[{"@type":"WebPage","@id":"https:\/\/www.coiffure-energetique-sandra.fr\/index.php\/mentions-legales\/","url":"https:\/\/www.coiffure-energetique-sandra.fr\/index.php\/mentions-legales\/","name":"Mentions L\u00e9gales - Une Parenth\u00e8se \u00e0 Soi","isPartOf":{"@id":"https:\/\/www.coiffure-energetique-sandra.fr\/#website"},"datePublished":"2024-10-31T10:21:09+00:00","dateModified":"2024-10-31T10:32:30+00:00","breadcrumb":{"@id":"https:\/\/www.coiffure-energetique-sandra.fr\/index.php\/mentions-legales\/#breadcrumb"},"inLanguage":"fr-FR","potentialAction":[{"@type":"ReadAction","target":["https:\/\/www.coiffure-energetique-sandra.fr\/index.php\/mentions-legales\/"]}]},{"@type":"BreadcrumbList","@id":"https:\/\/www.coiffure-energetique-sandra.fr\/index.php\/mentions-legales\/#breadcrumb","itemListElement":[{"@type":"ListItem","position":1,"name":"Accueil","item":"https:\/\/www.coiffure-energetique-sandra.fr\/"},{"@type":"ListItem","position":2,"name":"Mentions L\u00e9gales"}]},{"@type":"WebSite","@id":"https:\/\/www.coiffure-energetique-sandra.fr\/#website","url":"https:\/\/www.coiffure-energetique-sandra.fr\/","name":"Une Parenth\u00e8se \u00e0 Soi","description":"Coiffure \u00e9nerg\u00e9tique","potentialAction":[{"@type":"SearchAction","target":{"@type":"EntryPoint","urlTemplate":"https:\/\/www.coiffure-energetique-sandra.fr\/?s={search_term_string}"},"query-input":{"@type":"PropertyValueSpecification","valueRequired":true,"valueName":"search_term_string"}}],"inLanguage":"fr-FR"}]}},"jetpack_sharing_enabled":true,"_links":{"self":[{"href":"https:\/\/www.coiffure-energetique-sandra.fr\/index.php\/wp-json\/wp\/v2\/pages\/1604","targetHints":{"allow":["GET"]}}],"collection":[{"href":"https:\/\/www.coiffure-energetique-sandra.fr\/index.php\/wp-json\/wp\/v2\/pages"}],"about":[{"href":"https:\/\/www.coiffure-energetique-sandra.fr\/index.php\/wp-json\/wp\/v2\/types\/page"}],"author":[{"embeddable":true,"href":"https:\/\/www.coiffure-energetique-sandra.fr\/index.php\/wp-json\/wp\/v2\/users\/1"}],"replies":[{"embeddable":true,"href":"https:\/\/www.coiffure-energetique-sandra.fr\/index.php\/wp-json\/wp\/v2\/comments?post=1604"}],"version-history":[{"count":7,"href":"https:\/\/www.coiffure-energetique-sandra.fr\/index.php\/wp-json\/wp\/v2\/pages\/1604\/revisions"}],"predecessor-version":[{"id":1615,"href":"https:\/\/www.coiffure-energetique-sandra.fr\/index.php\/wp-json\/wp\/v2\/pages\/1604\/revisions\/1615"}],"wp:attachment":[{"href":"https:\/\/www.coiffure-energetique-sandra.fr\/index.php\/wp-json\/wp\/v2\/media?parent=1604"}],"curies":[{"name":"wp","href":"https:\/\/api.w.org\/{rel}","templated":true}]}}